{"id":4,"date":"2014-11-01T08:59:18","date_gmt":"2014-11-01T07:59:18","guid":{"rendered":"http:\/\/ajtduvocal.com\/dev\/?page_id=4"},"modified":"2025-09-14T14:33:10","modified_gmt":"2025-09-14T13:33:10","slug":"bienvenue-sur-le-site-des-agites","status":"publish","type":"page","link":"https:\/\/ajtduvocal.com\/dev\/","title":{"rendered":"Bienvenue sur le site des Agit\u00e9s du Vocal"},"content":{"rendered":"\n<h3 class=\"wp-block-heading has-text-align-center\">Vous aimez chanter et vous voulez \u00e9largir votre horizon au-del\u00e0 de votre rideau de douche ? Les Agit\u00e9s sont faits pour vous !<\/h3>\n\n\n<div class=\"wp-block-image\">\n<figure class=\"aligncenter size-large is-resized\"><a href=\"https:\/\/ajtduvocal.com\/dev\/wp-content\/uploads\/2024\/11\/WhatsApp-Image-2024-04-05-at-12.20.36-AM.jpeg\"><img loading=\"lazy\" decoding=\"async\" width=\"1024\" height=\"577\" src=\"https:\/\/ajtduvocal.com\/dev\/wp-content\/uploads\/2024\/11\/WhatsApp-Image-2024-04-05-at-12.20.36-AM-1024x577.jpeg\" alt=\"\" class=\"wp-image-3443\" style=\"width:451px;height:auto\" srcset=\"https:\/\/ajtduvocal.com\/dev\/wp-content\/uploads\/2024\/11\/WhatsApp-Image-2024-04-05-at-12.20.36-AM-1024x577.jpeg 1024w, https:\/\/ajtduvocal.com\/dev\/wp-content\/uploads\/2024\/11\/WhatsApp-Image-2024-04-05-at-12.20.36-AM-300x169.jpeg 300w, https:\/\/ajtduvocal.com\/dev\/wp-content\/uploads\/2024\/11\/WhatsApp-Image-2024-04-05-at-12.20.36-AM-768x432.jpeg 768w, https:\/\/ajtduvocal.com\/dev\/wp-content\/uploads\/2024\/11\/WhatsApp-Image-2024-04-05-at-12.20.36-AM-1536x865.jpeg 1536w, https:\/\/ajtduvocal.com\/dev\/wp-content\/uploads\/2024\/11\/WhatsApp-Image-2024-04-05-at-12.20.36-AM.jpeg 2048w\" sizes=\"auto, (max-width: 1024px) 100vw, 1024px\" \/><\/a><\/figure>\n<\/div>\n\n\n<p class=\"has-text-align-left\">R\u00e9unissant une trentaine de choristes tous les mercredis soir (20h\/22h) \u00e0 deux pas de la station M\u00e9nilmontant, \u00e0 Paris, b\u00e9n\u00e9ficiant d&rsquo;une grande salle lumineuse, dot\u00e9e d&rsquo;un piano, la chorale des Agit\u00e9s du Vocal, sous la baguette de sa cheffe de ch\u0153ur, s&rsquo;est remise au travail.<\/p>\n\n\n\n<p class=\"has-text-align-left\">Nous travaillons \u00ab\u00a0a capella\u00a0\u00bb, c&rsquo;est-\u00e0-dire sans instrument d&rsquo;accompagnement. R\u00e9pertoire \u00e9clectique, tout sauf classique, depuis des chants du monde et des g\u00e9n\u00e9riques de s\u00e9ries TV ou musiques de films jusqu\u2019\u00e0 des chansons fran\u00e7aises, actuelles ou plus anciennes, dont beaucoup sont des arrangements originaux, \u00e9crits pour les Agit\u00e9s par nos chefs de ch\u0153ur successifs. <\/p>\n\n\n\n<p class=\"has-text-align-left\">L\u2019apprentissage se fait \u00e0 l&rsquo;oreille, donc il n&rsquo;est pas n\u00e9cessaire de savoir lire les partitions, m\u00eame si elles existent. Une oreille musicale, \u00e0 l&rsquo;\u00e9coute, fait tr\u00e8s bien l\u2019affaire. <\/p>\n\n\n\n<p class=\"has-text-align-left\">Le travail individuel chez soi est facilit\u00e9 par la mise \u00e0 disposition des choristes de tutos pour toutes les chansons du r\u00e9pertoire (paroles, partitions, fichiers sons en voix s\u00e9par\u00e9es).<\/p>\n\n\n\n<p class=\"has-text-align-left\">Une pr\u00e9sence r\u00e9guli\u00e8re et assidue aux r\u00e9p\u00e9titions est indispensable pour la coh\u00e9sion du groupe, l&rsquo;harmonisation des voix, et la coh\u00e9rence des productions artistiques (manches, concerts, spectacles&#8230;), en tenant compte des al\u00e9as professionnels ou personnels bien s\u00fbr.<\/p>\n\n\n\n<p class=\"has-text-align-left\">Depuis quelques ann\u00e9es, en plus des manches de rue, nous cr\u00e9ons un spectacle th\u00e9matique avec mise en sc\u00e8ne, que nous jouons 2 \u00e0 3 fois en salle. Les deux derniers&nbsp;: un spectacle f\u00e9ministe sur les droits des femmes et un spectacle participatif et dr\u00f4le sur le cin\u00e9ma.<\/p>\n\n\n\n<p class=\"has-text-align-left\">N\u2019h\u00e9sitez pas \u00e0 candidater, m\u00eame si on doit avouer que les places disponibles sont peu nombreuses chaque ann\u00e9e. La cheffe de ch\u0153ur fait une mini-audition du candidat de 15\u2019 avant une des r\u00e9p\u00e9tition du mercredi, puis le candidat assiste \u00e0 la r\u00e9p\u00e8te au sein de son pupitre pour faire connaissance de chaque c\u00f4t\u00e9. L\u2019acceptation est ensuite d\u00e9cid\u00e9e conjointement entre la cheffe et le pupitre concern\u00e9.<\/p>\n\n\n\n<p class=\"has-text-align-left\">Dirig\u00e9s par Lisa FLANDI depuis septembre 2025, nous veillons \u00e0 un \u00e9quilibre en nombre des diff\u00e9rents pupitres. En ce moment, nous recrutons des chanteurs et chanteuses pour renforcer nos effectifs de T\u00e9nors et de Basses. Il peut aussi y avoir quelques places pour les pupitres des Soprani et des Alti : n&rsquo;h\u00e9sitez pas \u00e0 nous contacter !<\/p>\n\n\n\n<p class=\"has-text-align-left\"><strong>Pour nous nous rejoindre, contacter Marion : <\/strong><a href=\"mailto:contact@ajtduvocal.com\">contact@ajtduvocal.com<\/a> <\/p>\n\n\n\n<p><\/p>\n","protected":false},"excerpt":{"rendered":"<p>Vous aimez chanter et vous voulez \u00e9largir votre horizon au-del\u00e0 de votre rideau de douche ? Les Agit\u00e9s sont faits pour vous ! R\u00e9unissant une trentaine de choristes tous les mercredis soir (20h\/22h) \u00e0 deux pas de la station M\u00e9nilmontant, &hellip; <a href=\"https:\/\/ajtduvocal.com\/dev\/\">Continuer la lecture <span class=\"meta-nav\">&rarr;<\/span><\/a><\/p>\n","protected":false},"author":1,"featured_media":0,"parent":0,"menu_order":0,"comment_status":"open","ping_status":"open","template":"","meta":{"footnotes":""},"class_list":["post-4","page","type-page","status-publish","hentry"],"_links":{"self":[{"href":"https:\/\/ajtduvocal.com\/dev\/wp-json\/wp\/v2\/pages\/4","targetHints":{"allow":["GET"]}}],"collection":[{"href":"https:\/\/ajtduvocal.com\/dev\/wp-json\/wp\/v2\/pages"}],"about":[{"href":"https:\/\/ajtduvocal.com\/dev\/wp-json\/wp\/v2\/types\/page"}],"author":[{"embeddable":true,"href":"https:\/\/ajtduvocal.com\/dev\/wp-json\/wp\/v2\/users\/1"}],"replies":[{"embeddable":true,"href":"https:\/\/ajtduvocal.com\/dev\/wp-json\/wp\/v2\/comments?post=4"}],"version-history":[{"count":125,"href":"https:\/\/ajtduvocal.com\/dev\/wp-json\/wp\/v2\/pages\/4\/revisions"}],"predecessor-version":[{"id":3718,"href":"https:\/\/ajtduvocal.com\/dev\/wp-json\/wp\/v2\/pages\/4\/revisions\/3718"}],"wp:attachment":[{"href":"https:\/\/ajtduvocal.com\/dev\/wp-json\/wp\/v2\/media?parent=4"}],"curies":[{"name":"wp","href":"https:\/\/api.w.org\/{rel}","templated":true}]}}