{"id":2017,"date":"2017-01-14T17:50:06","date_gmt":"2017-01-14T16:50:06","guid":{"rendered":"http:\/\/ajtduvocal.com\/dev\/?page_id=2017"},"modified":"2025-10-05T13:46:46","modified_gmt":"2025-10-05T12:46:46","slug":"les-videos","status":"publish","type":"page","link":"https:\/\/ajtduvocal.com\/dev\/les-videos\/","title":{"rendered":"les vid\u00e9os"},"content":{"rendered":"<p>Petite s\u00e9lection vid\u00e9o : nos meilleures prestations, celles pour lesquelles nous avons eu un vrai coup de c\u0153ur, le top du top, la cr\u00e8me de la cr\u00e8me&#8230; mais aussi des vid\u00e9os de r\u00e9p\u00e9titions pour lever le voile sur l&rsquo;envers du d\u00e9cor des AJT et d\u00e9couvrir les nouveaut\u00e9s du r\u00e9pertoire encore en rodage !<\/p>\n<p>Cela dit, si tu as un casque sous la main, \u00e7a peut t&rsquo;\u00e9viter de te f\u00e2cher durablement avec tes voisins, ta famille, ton chien&#8230; ou de traumatiser ton canari. A toi de voir&#8230;<\/p>\n<p>Pour en voir davantage, <a href=\"https:\/\/www.youtube.com\/channel\/UCCBRZbvFifIRZg8VpaQ11Yg\/featured\" target=\"_blank\" rel=\"noopener\">suivez notre chaine Youtube<\/a> !<\/p>\n<p>Les AJT au th\u00e9\u00e2tre de la Reine Blanche le 3 octobre 2025<\/p>\n<div style=\"width: 640px;\" class=\"wp-video\"><video class=\"wp-video-shortcode\" id=\"video-2017-1\" width=\"640\" height=\"360\" preload=\"metadata\" controls=\"controls\"><source type=\"video\/mp4\" src=\"https:\/\/ajtduvocal.com\/dev\/wp-content\/uploads\/2025\/10\/hymne-des-femmes-La-reine-Blanche-compress.mp4?_=1\" \/><a href=\"https:\/\/ajtduvocal.com\/dev\/wp-content\/uploads\/2025\/10\/hymne-des-femmes-La-reine-Blanche-compress.mp4\">https:\/\/ajtduvocal.com\/dev\/wp-content\/uploads\/2025\/10\/hymne-des-femmes-La-reine-Blanche-compress.mp4<\/a><\/video><\/div>\n<p>Extraits de notre spectacle \u00ab\u00a0Les Agit\u00e9s font leur cin\u00e9ma\u00a0\u00bb au th\u00e9\u00e2tre Clavel le 2 avril 2023<\/p>\n<p><iframe loading=\"lazy\" title=\"Pirate des carai\u0302bes CLAVEL 2\/04\/2023\" width=\"640\" height=\"360\" src=\"https:\/\/www.youtube.com\/embed\/vAPu6LCIhO4?start=102&#038;feature=oembed\" frameborder=\"0\" allow=\"accelerometer; autoplay; clipboard-write; encrypted-media; gyroscope; picture-in-picture; web-share\" referrerpolicy=\"strict-origin-when-cross-origin\" allowfullscreen><\/iframe><\/p>\n<p><iframe loading=\"lazy\" title=\"Le Bon la Brute et le Truand  CLAVEL 2\/04\/2023\" width=\"640\" height=\"360\" src=\"https:\/\/www.youtube.com\/embed\/nEZIXnXZeRU?start=31&#038;feature=oembed\" frameborder=\"0\" allow=\"accelerometer; autoplay; clipboard-write; encrypted-media; gyroscope; picture-in-picture; web-share\" referrerpolicy=\"strict-origin-when-cross-origin\" allowfullscreen><\/iframe><\/p>\n<p><iframe loading=\"lazy\" title=\"LA SEINE CLAVEL 2\/04\/2023\" width=\"640\" height=\"360\" src=\"https:\/\/www.youtube.com\/embed\/pP28YgseDbY?feature=oembed\" frameborder=\"0\" allow=\"accelerometer; autoplay; clipboard-write; encrypted-media; gyroscope; picture-in-picture; web-share\" referrerpolicy=\"strict-origin-when-cross-origin\" allowfullscreen><\/iframe><\/p>\n<p><strong>22 mai 2022 &#8211; \u00ab\u00a0Las AJT font leur cin\u00e9ma\u00a0\u00bb &#8211; premi\u00e8re au Th\u00e9\u00e2tre Clavel \u00e0 Paris-19e<\/strong><\/p>\n<div style=\"width: 640px;\" class=\"wp-video\"><video class=\"wp-video-shortcode\" id=\"video-2017-2\" width=\"640\" height=\"360\" preload=\"metadata\" controls=\"controls\"><source type=\"video\/mp4\" src=\"https:\/\/ajtduvocal.com\/dev\/wp-content\/uploads\/2022\/06\/2022-05-22La-carioca.mp4?_=2\" \/><a href=\"https:\/\/ajtduvocal.com\/dev\/wp-content\/uploads\/2022\/06\/2022-05-22La-carioca.mp4\">https:\/\/ajtduvocal.com\/dev\/wp-content\/uploads\/2022\/06\/2022-05-22La-carioca.mp4<\/a><\/video><\/div>\n<p><strong>f\u00e9vrier 2022 &#8211; un samedi pluvieux ensoleill\u00e9 par les AJT place des Abbesses<\/strong><\/p>\n<div style=\"width: 640px;\" class=\"wp-video\"><video class=\"wp-video-shortcode\" id=\"video-2017-3\" width=\"640\" height=\"362\" preload=\"metadata\" controls=\"controls\"><source type=\"video\/mp4\" src=\"https:\/\/ajtduvocal.com\/dev\/wp-content\/uploads\/2022\/04\/20220209-VIDEO-Abesses-1.mp4?_=3\" \/><a href=\"https:\/\/ajtduvocal.com\/dev\/wp-content\/uploads\/2022\/04\/20220209-VIDEO-Abesses-1.mp4\">https:\/\/ajtduvocal.com\/dev\/wp-content\/uploads\/2022\/04\/20220209-VIDEO-Abesses-1.mp4<\/a><\/video><\/div>\n<h3><strong>21 juin 2020 &#8211; les Agit\u00e9s d\u00e9voilent leur clip du (d\u00e9)confinement<br \/>\n<\/strong><\/h3>\n<p><iframe loading=\"lazy\" title=\"Il en faut peu pour \u00eatre heureux - les AJT se d\u00e9confinent\" width=\"640\" height=\"360\" src=\"https:\/\/www.youtube.com\/embed\/fLsQPJvn1v0?feature=oembed\" frameborder=\"0\" allow=\"accelerometer; autoplay; clipboard-write; encrypted-media; gyroscope; picture-in-picture; web-share\" referrerpolicy=\"strict-origin-when-cross-origin\" allowfullscreen><\/iframe><\/p>\n<p>et les sopranes s&rsquo;occupent aussi !<\/p>\n<p><a href=\"https:\/\/www.youtube.com\/watch?v=7NIk_3SoZSk\">https:\/\/www.youtube.com\/watch?v=7NIk_3SoZSk<\/a><\/p>\n<h3><strong>27 mars 2019 &#8211; les Agit\u00e9s sont au festival \u00ab\u00a010 de Ch\u0153urs\u00a0\u00bb (Paris) et jouent leur spectacle sur les Droits des Femmes<\/strong><\/h3>\n<p><iframe loading=\"lazy\" title=\"Teaser concert Les AJT chantent les droits des femmes\" width=\"640\" height=\"360\" src=\"https:\/\/www.youtube.com\/embed\/WBWMyBP2o6g?feature=oembed\" frameborder=\"0\" allow=\"accelerometer; autoplay; clipboard-write; encrypted-media; gyroscope; picture-in-picture; web-share\" referrerpolicy=\"strict-origin-when-cross-origin\" allowfullscreen><\/iframe><\/p>\n<p><iframe loading=\"lazy\" title=\"&quot;PILULE &quot; par les AJT du Vocal\" width=\"640\" height=\"360\" src=\"https:\/\/www.youtube.com\/embed\/9gkTLZzyRxE?feature=oembed\" frameborder=\"0\" allow=\"accelerometer; autoplay; clipboard-write; encrypted-media; gyroscope; picture-in-picture; web-share\" referrerpolicy=\"strict-origin-when-cross-origin\" allowfullscreen><\/iframe><\/p>\n<h3><\/h3>\n<h3><strong>26-28 septembre 2016 &#8211; Les Agit\u00e9s sont au 7e Festin Choral de Bill\u00e8re<\/strong><br \/>\n<strong> (Pau, Pyr\u00e9n\u00e9es Atlantique)<\/strong><\/h3>\n<p><iframe loading=\"lazy\" title=\"AJT NB CINECITTA\" width=\"640\" height=\"360\" src=\"https:\/\/www.youtube.com\/embed\/tfaNjZE9Edo?feature=oembed\" frameborder=\"0\" allow=\"accelerometer; autoplay; clipboard-write; encrypted-media; gyroscope; picture-in-picture; web-share\" referrerpolicy=\"strict-origin-when-cross-origin\" allowfullscreen><\/iframe><\/p>\n<p><iframe loading=\"lazy\" title=\"AJT NB DONNA LOMBARDA\" width=\"640\" height=\"360\" src=\"https:\/\/www.youtube.com\/embed\/nejlC4EDeX0?feature=oembed\" frameborder=\"0\" allow=\"accelerometer; autoplay; clipboard-write; encrypted-media; gyroscope; picture-in-picture; web-share\" referrerpolicy=\"strict-origin-when-cross-origin\" allowfullscreen><\/iframe><\/p>\n<p><iframe loading=\"lazy\" title=\"AJT NB SWEET DREAMS\" width=\"640\" height=\"360\" src=\"https:\/\/www.youtube.com\/embed\/iLJn4tgavDg?feature=oembed\" frameborder=\"0\" allow=\"accelerometer; autoplay; clipboard-write; encrypted-media; gyroscope; picture-in-picture; web-share\" referrerpolicy=\"strict-origin-when-cross-origin\" allowfullscreen><\/iframe><\/p>\n<p><iframe loading=\"lazy\" title=\"AJT NB SYMPATHIQUE\" width=\"640\" height=\"360\" src=\"https:\/\/www.youtube.com\/embed\/5SV9qsG48fA?feature=oembed\" frameborder=\"0\" allow=\"accelerometer; autoplay; clipboard-write; encrypted-media; gyroscope; picture-in-picture; web-share\" referrerpolicy=\"strict-origin-when-cross-origin\" allowfullscreen><\/iframe><\/p>\n<p><iframe loading=\"lazy\" title=\"AJT COLORS SUITE ENFANTINE\" width=\"640\" height=\"360\" src=\"https:\/\/www.youtube.com\/embed\/reeqpzyUjDQ?feature=oembed\" frameborder=\"0\" allow=\"accelerometer; autoplay; clipboard-write; encrypted-media; gyroscope; picture-in-picture; web-share\" referrerpolicy=\"strict-origin-when-cross-origin\" allowfullscreen><\/iframe><\/p>\n<p><iframe loading=\"lazy\" title=\"AJT COLORS BBT\" width=\"640\" height=\"360\" src=\"https:\/\/www.youtube.com\/embed\/Ju8WtClbGjU?feature=oembed\" frameborder=\"0\" allow=\"accelerometer; autoplay; clipboard-write; encrypted-media; gyroscope; picture-in-picture; web-share\" referrerpolicy=\"strict-origin-when-cross-origin\" allowfullscreen><\/iframe><\/p>\n<h3><strong>30 novembre 2017 &#8211; les AJT en r\u00e9p\u00e9t&rsquo;<\/strong><\/h3>\n<p><iframe loading=\"lazy\" title=\"Battez vous\" width=\"640\" height=\"360\" src=\"https:\/\/www.youtube.com\/embed\/mCMrWJJ6yuU?feature=oembed\" frameborder=\"0\" allow=\"accelerometer; autoplay; clipboard-write; encrypted-media; gyroscope; picture-in-picture; web-share\" referrerpolicy=\"strict-origin-when-cross-origin\" allowfullscreen><\/iframe><\/p>\n<p><iframe loading=\"lazy\" title=\"Medley Dalida\" width=\"640\" height=\"360\" src=\"https:\/\/www.youtube.com\/embed\/4HgOqzGPuNU?feature=oembed\" frameborder=\"0\" allow=\"accelerometer; autoplay; clipboard-write; encrypted-media; gyroscope; picture-in-picture; web-share\" referrerpolicy=\"strict-origin-when-cross-origin\" allowfullscreen><\/iframe><\/p>\n<p><iframe loading=\"lazy\" title=\"Sympathique\" width=\"640\" height=\"360\" src=\"https:\/\/www.youtube.com\/embed\/tSAjpEzE5Rs?feature=oembed\" frameborder=\"0\" allow=\"accelerometer; autoplay; clipboard-write; encrypted-media; gyroscope; picture-in-picture; web-share\" referrerpolicy=\"strict-origin-when-cross-origin\" allowfullscreen><\/iframe><\/p>\n<p><iframe loading=\"lazy\" title=\"Txori\" width=\"640\" height=\"360\" src=\"https:\/\/www.youtube.com\/embed\/C-HHNrI-Rc8?feature=oembed\" frameborder=\"0\" allow=\"accelerometer; autoplay; clipboard-write; encrypted-media; gyroscope; picture-in-picture; web-share\" referrerpolicy=\"strict-origin-when-cross-origin\" allowfullscreen><\/iframe><\/p>\n","protected":false},"excerpt":{"rendered":"<p>Petite s\u00e9lection vid\u00e9o : nos meilleures prestations, celles pour lesquelles nous avons eu un vrai coup de c\u0153ur, le top du top, la cr\u00e8me de la cr\u00e8me&#8230; mais aussi des vid\u00e9os de r\u00e9p\u00e9titions pour lever le voile sur l&rsquo;envers du &hellip; <a href=\"https:\/\/ajtduvocal.com\/dev\/les-videos\/\">Continuer la lecture <span class=\"meta-nav\">&rarr;<\/span><\/a><\/p>\n","protected":false},"author":1,"featured_media":0,"parent":0,"menu_order":0,"comment_status":"closed","ping_status":"closed","template":"","meta":{"footnotes":""},"class_list":["post-2017","page","type-page","status-publish","hentry"],"_links":{"self":[{"href":"https:\/\/ajtduvocal.com\/dev\/wp-json\/wp\/v2\/pages\/2017","targetHints":{"allow":["GET"]}}],"collection":[{"href":"https:\/\/ajtduvocal.com\/dev\/wp-json\/wp\/v2\/pages"}],"about":[{"href":"https:\/\/ajtduvocal.com\/dev\/wp-json\/wp\/v2\/types\/page"}],"author":[{"embeddable":true,"href":"https:\/\/ajtduvocal.com\/dev\/wp-json\/wp\/v2\/users\/1"}],"replies":[{"embeddable":true,"href":"https:\/\/ajtduvocal.com\/dev\/wp-json\/wp\/v2\/comments?post=2017"}],"version-history":[{"count":22,"href":"https:\/\/ajtduvocal.com\/dev\/wp-json\/wp\/v2\/pages\/2017\/revisions"}],"predecessor-version":[{"id":3789,"href":"https:\/\/ajtduvocal.com\/dev\/wp-json\/wp\/v2\/pages\/2017\/revisions\/3789"}],"wp:attachment":[{"href":"https:\/\/ajtduvocal.com\/dev\/wp-json\/wp\/v2\/media?parent=2017"}],"curies":[{"name":"wp","href":"https:\/\/api.w.org\/{rel}","templated":true}]}}