{"id":19,"date":"2014-11-01T09:01:14","date_gmt":"2014-11-01T08:01:14","guid":{"rendered":"http:\/\/ajtduvocal.com\/dev\/?page_id=19"},"modified":"2025-03-17T19:08:31","modified_gmt":"2025-03-17T18:08:31","slug":"souvenirs-souvenirs","status":"publish","type":"page","link":"https:\/\/ajtduvocal.com\/dev\/souvenirs-souvenirs\/","title":{"rendered":"Souvenirs, souvenirs&#8230;"},"content":{"rendered":"\n<figure class=\"wp-block-gallery has-nested-images columns-default is-cropped wp-block-gallery-1 is-layout-flex wp-block-gallery-is-layout-flex\"><\/figure>\n\n\n<p><em>Ici, les quelques traces laiss\u00e9es par les Agit\u00e9s, au fil des saisons musicales et amicales&#8230;<\/em><\/p>\n<h3><strong>2025<\/strong><\/h3>\n<ul>\n<li>janvier : March\u00e9 chantant \u00e0 Aligre<\/li>\n<li>avril : la d\u00e9calomanie des AJT du vocal<\/li>\n<\/ul>\n<h3><strong>2024\u00a0<\/strong><\/h3>\n<ul>\n<li>avril : le concert des AJ&rsquo;hits T au centre Paris Anim Place des f\u00eates<\/li>\n<li>mai : Montreuil sous voix<\/li>\n<li>mai : ateliers d&rsquo;artistes de Belleville<\/li>\n<li>octobre : f\u00eate des vendanges \u00e0 Montmartre<\/li>\n<\/ul>\n<p><a href=\"https:\/\/ajtduvocal.com\/dev\/wp-content\/uploads\/2024\/11\/IMG-20241012-WA0013-1.jpg\"><img loading=\"lazy\" decoding=\"async\" class=\"alignnone size-medium wp-image-3484\" src=\"https:\/\/ajtduvocal.com\/dev\/wp-content\/uploads\/2024\/11\/IMG-20241012-WA0013-1-226x300.jpg\" alt=\"\" width=\"226\" height=\"300\" srcset=\"https:\/\/ajtduvocal.com\/dev\/wp-content\/uploads\/2024\/11\/IMG-20241012-WA0013-1-226x300.jpg 226w, https:\/\/ajtduvocal.com\/dev\/wp-content\/uploads\/2024\/11\/IMG-20241012-WA0013-1-771x1024.jpg 771w, https:\/\/ajtduvocal.com\/dev\/wp-content\/uploads\/2024\/11\/IMG-20241012-WA0013-1-768x1020.jpg 768w, https:\/\/ajtduvocal.com\/dev\/wp-content\/uploads\/2024\/11\/IMG-20241012-WA0013-1-1157x1536.jpg 1157w, https:\/\/ajtduvocal.com\/dev\/wp-content\/uploads\/2024\/11\/IMG-20241012-WA0013-1.jpg 1536w\" sizes=\"auto, (max-width: 226px) 100vw, 226px\" \/><\/a><\/p>\n<ul>\n<li>d\u00e9cembre : <a href=\"https:\/\/ajtduvocal.com\/dev\/article\/les-agites-chantent-au-marche-de-noel-de-notre-dame-de-paris-7-12-2024\/\">march\u00e9 de No\u00ebl de Notre Dame de Paris<\/a><\/li>\n<li>d\u00e9cembre : <a href=\"https:\/\/ajtduvocal.com\/dev\/article\/decembre-2024-le-concert-de-noel-a-lesat-de-menilmontant\/\">Concert de No\u00ebl \u00e0 l&rsquo;ESAT M\u00e9nilmontant<\/a><\/li>\n<\/ul>\n<h3><strong>2023<\/strong><\/h3>\n<p>\u2022 janvier\u00a0 : Salle Paris Anim Place des f\u00eates<\/p>\n<p><a href=\"https:\/\/ajtduvocal.com\/dev\/wp-content\/uploads\/2024\/11\/WhatsApp-Image-2024-04-05-at-7.55.45-PM.jpeg\"><img loading=\"lazy\" decoding=\"async\" class=\"alignnone size-medium wp-image-3457\" src=\"https:\/\/ajtduvocal.com\/dev\/wp-content\/uploads\/2024\/11\/WhatsApp-Image-2024-04-05-at-7.55.45-PM-300x169.jpeg\" alt=\"\" width=\"300\" height=\"169\" srcset=\"https:\/\/ajtduvocal.com\/dev\/wp-content\/uploads\/2024\/11\/WhatsApp-Image-2024-04-05-at-7.55.45-PM-300x169.jpeg 300w, https:\/\/ajtduvocal.com\/dev\/wp-content\/uploads\/2024\/11\/WhatsApp-Image-2024-04-05-at-7.55.45-PM-1024x576.jpeg 1024w, https:\/\/ajtduvocal.com\/dev\/wp-content\/uploads\/2024\/11\/WhatsApp-Image-2024-04-05-at-7.55.45-PM-768x432.jpeg 768w, https:\/\/ajtduvocal.com\/dev\/wp-content\/uploads\/2024\/11\/WhatsApp-Image-2024-04-05-at-7.55.45-PM-1536x864.jpeg 1536w, https:\/\/ajtduvocal.com\/dev\/wp-content\/uploads\/2024\/11\/WhatsApp-Image-2024-04-05-at-7.55.45-PM.jpeg 2016w\" sizes=\"auto, (max-width: 300px) 100vw, 300px\" \/><\/a><\/p>\n<ul>\n<li>1er Avril : les AJT f\u00eatent les 10 ans de <a href=\"https:\/\/www.dm-compost.fr\/\">DM Compost<\/a><\/li>\n<li>3 avril : <a href=\"https:\/\/ajtduvocal.com\/dev\/article\/concert-clavel-2-04-2023\/\">Th\u00e9atre Clavel<\/a><\/li>\n<li>15 Avril : <a href=\"https:\/\/ajtduvocal.com\/dev\/article\/les-agites-du-vocal-celebrent-le-printemps-place-des-fetes-avec-le-cafete-samedi-15-avril-a-15h\/\">C\u00e9l\u00e9bration du printemps avec le Caf\u00eate Place des f\u00eates<\/a><\/li>\n<\/ul>\n<h3><strong>2022<\/strong><\/h3>\n<ul>\n<li>mai &#8211; Th\u00e9\u00e2tre Clavel<\/li>\n<\/ul>\n<p><a href=\"https:\/\/ajtduvocal.com\/dev\/wp-content\/uploads\/2022\/06\/2022-04-AJT-affiche-Spectacle-cinema.pdf\">2022 04 AJT affiche Spectacle cinema<\/a><\/p>\n<ul>\n<li>Avril &#8211; Beaubourg<\/li>\n<\/ul>\n<p><a href=\"https:\/\/ajtduvocal.com\/dev\/wp-content\/uploads\/2022\/04\/IMG-20220409-WA0008-scaled.jpeg\"><img loading=\"lazy\" decoding=\"async\" class=\"alignnone size-medium wp-image-2767\" src=\"https:\/\/ajtduvocal.com\/dev\/wp-content\/uploads\/2022\/04\/IMG-20220409-WA0008-300x169.jpeg\" alt=\"\" width=\"300\" height=\"169\" srcset=\"https:\/\/ajtduvocal.com\/dev\/wp-content\/uploads\/2022\/04\/IMG-20220409-WA0008-300x169.jpeg 300w, https:\/\/ajtduvocal.com\/dev\/wp-content\/uploads\/2022\/04\/IMG-20220409-WA0008-1024x576.jpeg 1024w, https:\/\/ajtduvocal.com\/dev\/wp-content\/uploads\/2022\/04\/IMG-20220409-WA0008-768x432.jpeg 768w, https:\/\/ajtduvocal.com\/dev\/wp-content\/uploads\/2022\/04\/IMG-20220409-WA0008-1536x864.jpeg 1536w, https:\/\/ajtduvocal.com\/dev\/wp-content\/uploads\/2022\/04\/IMG-20220409-WA0008-2048x1152.jpeg 2048w\" sizes=\"auto, (max-width: 300px) 100vw, 300px\" \/><\/a><\/p>\n<ul>\n<li>f\u00e9vrier &#8211; place aux Abbesses<\/li>\n<\/ul>\n<div style=\"width: 640px;\" class=\"wp-video\"><video class=\"wp-video-shortcode\" id=\"video-19-1\" width=\"640\" height=\"362\" preload=\"metadata\" controls=\"controls\"><source type=\"video\/mp4\" src=\"https:\/\/ajtduvocal.com\/dev\/wp-content\/uploads\/2022\/04\/20220209-VIDEO-Abesses-1.mp4?_=1\" \/><a href=\"https:\/\/ajtduvocal.com\/dev\/wp-content\/uploads\/2022\/04\/20220209-VIDEO-Abesses-1.mp4\">https:\/\/ajtduvocal.com\/dev\/wp-content\/uploads\/2022\/04\/20220209-VIDEO-Abesses-1.mp4<\/a><\/video><\/div>\n<h3><strong>2019-2020<\/strong><\/h3>\n<p>d\u00e9cembre 2019 : portes ouvertes de l&rsquo;ESAT de M\u00e9nilmontant \u00e0 Paris<br \/><a href=\"https:\/\/ajtduvocal.com\/dev\/article\/novembre-2019-les-ajt-rejouent-les-droits-des-femmes-a-lantipode\/\">novembre 2019 : spectacle Droits des femmes sur la p\u00e9niche Antipode \u00e0 Paris<\/a><br \/>octobre 2019 : ouverture de la saison 2019-2020 au Dorothy Caf\u00e9 \u00e0 Paris<\/p>\n<h3><strong>2018-2019<\/strong><\/h3>\n<p>juin 2019 : F\u00eate de la musique au festival Ch\u0153urs en vrac de Montmartre, \u00e0 Paris<br \/>juin 2019 : le mariage d&rsquo;un AJT&#8230;<br \/><a href=\"https:\/\/ajtduvocal.com\/dev\/article\/mai-2018-aux-portes-ouvertes-des-ateliers-dartistes-de-belleville\/\">mai 2019 : portes ouvertes des Ateliers d&rsquo;artistes de Belleville \u00e0 Paris<\/a><br \/>avril 2019 : spectacle Droits des femmes au th\u00e9\u00e2tre Clavel \u00e0 Paris<br \/><a href=\"https:\/\/youtu.be\/WBWMyBP2o6g\">mars 2019 : spectacle Droits des femmes au festival \u00ab\u00a010 de Ch\u0153urs\u00a0\u00bb \u00e0 Paris<\/a><br \/>f\u00e9vrier 2019 : march\u00e9 Richard Lenoir \u00e0 Paris<br \/><a href=\"https:\/\/ajtduvocal.com\/dev\/article\/decembre-2018-cadeau-de-noel-aux-enfants-du-foyer-pauline-roland\/\">d\u00e9cembre 2018 : f\u00eate de No\u00ebl pour les enfants du Foyer Pauline Roland \u00e0 Paris<\/a><br \/>septembre 2018 : portes ouvertes des Ateliers d&rsquo;artistes de M\u00e9nilmontant \u00e0 Paris<\/p>\n<h3><strong>2017-2018<\/strong><\/h3>\n<p>juin 2018 : Festival Voix sur berges, \u00e0 Paris<br \/>juin 2018 : F\u00eate de la musique au festival Ch\u0153urs en vrac de Montmartre, \u00e0 Paris<br \/>avril 2018 : march\u00e9 de l&rsquo;Olive \u00e0 Paris<br \/><a href=\"https:\/\/ajtduvocal.com\/dev\/non-classe\/3-decembre-2017-marche-de-la-place-de-la-reunion\/\">d\u00e9cembre 2017 : place de la R\u00e9union \u00e0 Paris<\/a><\/p>\n<h3><strong>2016-2017<\/strong><\/h3>\n<p>juin 2017 : Festival Voix sur berges, \u00e0 Paris<br \/>juin 2017 : F\u00eate de la musique au festival Choeurs en vrac de Montmartre, \u00e0 Paris<br \/>mai 2017 : <strong>le week-end des 20 ans des AJT<\/strong><br \/>&#8211; le Festival Montreuil sous Voix,<br \/>&#8211; la soir\u00e9e des 20 ans<br \/>&#8211; et la F\u00eate du Village de Jourdain<br \/>mai 2017 : place de la Nation \u00e0 Paris<br \/><a href=\"https:\/\/ajtduvocal.com\/dev\/non-classe\/19-mars-2017-marche-daligre-paris\/\">mars 207 : march\u00e9 d&rsquo;Aligre \u00e0 Paris<\/a><br \/>d\u00e9cembre 2016 : rue Daguerre \u00e0 Paris<br \/>d\u00e9cembre 2016 : au march\u00e9 de No\u00ebl \u00e0 Cr\u00e9teil<br \/>septembre 2016 : Festival \u00e0 Pau<\/p>\n<h3><strong>2015-2016<\/strong><\/h3>\n<p><a href=\"https:\/\/ajtduvocal.com\/dev\/article\/19-juin-2016-en-hommage-a-alain-grard-sur-le-marche-richard-lenoir\/\" target=\"_blank\" rel=\"noopener\">juin 2016 : un concert-hommage \u00e0 Alain Grard, sur le march\u00e9 Richard Lenoir<\/a><br \/><a href=\"https:\/\/ajtduvocal.com\/dev\/article\/2-juin-2016-alain-grard-nous-a-quittes\/\" target=\"_blank\" rel=\"noopener\">juin 2016 : Alain Grard nous a quitt\u00e9s<\/a><br \/>mai 2016 : festival Montreuil-sous-voix<br \/>avril 2016 : r\u00e9sidence Les Airelles, \u00e0 Paris<br \/>avril 2016 : centre Pauline Roland, \u00e0 Paris<br \/>mars 2016 : festival 10 de ch\u0153urs, \u00e0 Paris<br \/><a href=\"https:\/\/ajtduvocal.com\/dev\/article\/19-20-mars-2016-week-end-de-travail-a-bois-le-roi\/\" target=\"_blank\" rel=\"noopener\">mars 2016 : week-end \u00e0 Bois-le-Roi<\/a><br \/>janvier 2016 : march\u00e9 des Enfants-Rouges, \u00e0 Paris<br \/><a href=\"https:\/\/ajtduvocal.com\/dev\/article\/19-decembre-2015-village-de-noel-a-creteil\/\" target=\"_blank\" rel=\"noopener\">d\u00e9cembre 2015 : Village de No\u00ebl, \u00e0 Cr\u00e9teil<\/a><\/p>\n<h3><strong>2014-2015<\/strong><\/h3>\n<p><a href=\"https:\/\/ajtduvocal.com\/dev\/?p=1678\">juin 2015 : 20e festival les Voix sur berges, \u00e0 Paris<\/a><br \/>juin 2015 : f\u00eate\u00a0 de la musique, Parc de Bercy, \u00e0 Paris<br \/><a href=\"https:\/\/ajtduvocal.com\/dev\/?p=1643\">mai 2015 : centre Pauline Roland, dans le 19e, \u00e0 Paris<\/a><br \/>f\u00e9vrier 2015 : march\u00e9 des Enfants rouges, \u00e0 Paris<br \/>d\u00e9cembre 2014 : march\u00e9 de No\u00ebl, parvis de La D\u00e9fense, \u00e0 Paris<br \/>novembre 2014 : place du Tertre, \u00e0 Montmartre, \u00e0 Paris<br \/><a title=\"26-28 septembre 2014 \u2013 Les Agit\u00e9s au 7e Festin Choral de Bill\u00e8re (Pau)\" href=\"https:\/\/ajtduvocal.com\/dev\/?p=21\">septembre 2014 : 7e Festin Choral de Bill\u00e8re (Pau)<\/a><\/p>\n<h3><strong>2013-2014<\/strong><\/h3>\n<p><a href=\"%20https:\/\/ajtduvocal.com\/dev\/?p=613\">juin 2014 : festival les Voix sur berges, \u00e0 Paris<\/a><br \/><a href=\"https:\/\/ajtduvocal.com\/dev\/?p=621\">juin 2014 : Concert priv\u00e9 dans le 11e , \u00e0 Paris<\/a><br \/>mai 2014 : march\u00e9 Montorgueil, \u00e0 Paris<br \/><a href=\"https:\/\/ajtduvocal.com\/dev\/?p=475\">avril 2014 : Soir\u00e9e-concert sur la p\u00e9niche Demoiselle, sur le bassin de la Villette, \u00e0 Paris<\/a><br \/><a href=\"https:\/\/ajtduvocal.com\/dev\/?p=630\">mars 2014 : march\u00e9 de l&rsquo;Olive, \u00e0 Paris<\/a><br \/>f\u00e9vrier 2014 : march\u00e9 Daguerre, \u00e0 Paris<br \/>d\u00e9cembre 2013 : march\u00e9 de No\u00ebl, \u00e0 Cr\u00e9teil<br \/><a href=\"%20https:\/\/ajtduvocal.com\/dev\/?p=637\">novembre 2013 : march\u00e9 solidaire de M\u00e9nilmontant, \u00e0 Paris<\/a><br \/><a title=\"19 octobre 2013 : fontaine Stravinski, de Niki de Saint-Phalle et Jean Tinguely, \u00e0 Paris\" href=\"https:\/\/ajtduvocal.com\/dev\/?p=67\">octobre 2013 : fontaine Stravinski, de Niki de Saint-Phalle et Jean Tinguely, \u00e0 Paris<\/a><\/p>\n<h3><strong>2012-2013<\/strong><\/h3>\n<p>juin 2013 : festival les Voix sur berges, \u00e0 Paris<br \/><a href=\"https:\/\/ajtduvocal.com\/dev\/?p=669%20\">juin 2013 : sur l&#8217;emmarchement du Mus\u00e9e d&rsquo;Orsay, \u00e0 Paris<\/a><br \/><a href=\"https:\/\/ajtduvocal.com\/dev\/?p=689\">juin 2013 : dans le Sud avec les Figuenotes<\/a><br \/>avril 2013 : devant le cin\u00e9ma MK2, sur le bassin de la Villette, \u00e0 Paris<br \/><a href=\"https:\/\/ajtduvocal.com\/dev\/?p=909\">mars 2013 : au caf\u00e9 Ch\u00e9ri, \u00e0 Paris<\/a><br \/><a href=\"https:\/\/ajtduvocal.com\/dev\/?p=915\">f\u00e9vrier 2013 : rue Mouffetard, \u00e0 Paris<\/a><br \/><a href=\"https:\/\/ajtduvocal.com\/dev\/?p=488\">janvier 2013 : les Agit\u00e9s, \u00e0 Versailles<\/a><\/p>\n<h3><strong>2011-2012<\/strong><\/h3>\n<p><a title=\"juin 2012 : foyer Pauline Roland, dans le 19e, \u00e0 Paris\" href=\"https:\/\/ajtduvocal.com\/dev\/?p=129\">juin 2012 : foyer Pauline Roland, dans le 19e, \u00e0 Paris<\/a><br \/><a title=\"30 juin 2012 : ch\u00e2teau de Buno, \u00e0 Gironville\" href=\"https:\/\/ajtduvocal.com\/dev\/?p=27\">juin 2012 : ch\u00e2teau de Buno, \u00e0 Gironville<\/a><br \/><a title=\"mai 2012 : ateliers portes ouvertes dans le quartier de Belleville, \u00e0 Paris\" href=\"https:\/\/ajtduvocal.com\/dev\/?p=101\">mai 2012 : ateliers portes ouvertes dans le quartier de Belleville, \u00e0 Paris<\/a><br \/><a title=\"janvier 2012 : le Bouffadou, caf\u00e9-club th\u00e9rapeutique pour les patients du 20e, \u00e0 Paris\" href=\"https:\/\/ajtduvocal.com\/dev\/?p=117\">janvier 2012 : le Bouffadou, caf\u00e9-club th\u00e9rapeutique pour les patients du 20e, \u00e0 Paris<\/a><\/p>\n<h3><strong>2010-2011<\/strong><\/h3>\n<p><a title=\"17 au 19 juin 2011 : F\u00eate de la musique \u00e0 Vienne et Bratislava\" href=\"https:\/\/ajtduvocal.com\/dev\/?p=154\">juin 2011 : F\u00eate de la musique \u00e0 Vienne et Bratislava<\/a><br \/><a title=\"juin 2011 : foyer Pauline Roland, dans le 19e, \u00e0 Paris\" href=\"https:\/\/ajtduvocal.com\/dev\/?p=135\">juin 2011 : foyer Pauline Roland, dans le 19e, \u00e0 Paris<\/a><br \/><a title=\"28 mai 2011 : Banlieues Bleues, La Dynamo, \u00e0 Pantin\" href=\"https:\/\/ajtduvocal.com\/dev\/?p=89\">mai 2011 : 7e Printemps de la diversit\u00e9, dans le 4e, \u00e0 Paris<\/a><br \/><a title=\"novembre 2010 : bar Rosa Bonheur (parc des Buttes Chaumont) dans le 19e, \u00e0 Paris\" href=\"https:\/\/ajtduvocal.com\/dev\/?p=180\">novembre 2010 : bar Rosa Bonheur (parc des Buttes Chaumont) dans le 19e, \u00e0 Paris<\/a><\/p>\n<h3><strong>2009-2010<\/strong><\/h3>\n<p><a title=\"17 au 22 juillet 2010 : stage avec les Figuenotes, au ch\u00e2teau de Ligoure, en Limousin\" href=\"https:\/\/ajtduvocal.com\/dev\/?p=198\">17 au 22 juillet 2010 : stage au ch\u00e2teau de Ligoure, en Limousin<\/a><br \/><a title=\"juin 2010 : F\u00eate de la musique, \u00e0 Bratislava\" href=\"https:\/\/ajtduvocal.com\/dev\/?p=93\">juin 2010 : F\u00eate de la musique \u00e0 Bratislava<\/a><br \/><a title=\"avril 2010 : p\u00e9niche La Baleine Blanche \u00e0 Paris\" href=\"https:\/\/ajtduvocal.com\/dev\/?p=212\">avril 2010 : p\u00e9niche La Baleine Blanche \u00e0 Paris<\/a><\/p>\n<h3><strong>2008-2009<\/strong><\/h3>\n<p><a title=\"juin 2009 : festival les Voix sur berges, \u00e0 Paris\" href=\"https:\/\/ajtduvocal.com\/dev\/?p=222\">juin 2009 : festival les Voix sur berges, \u00e0 Paris<\/a><br \/><a title=\"mars 2009 : au Salon international de l\u2019agriculture, sur le stand des Jeunes Agriculteurs\" href=\"https:\/\/ajtduvocal.com\/dev\/?p=231\">mars 2009 : Salon international de l&rsquo;agriculture, stand des Jeunes Agriculteurs<\/a><\/p>\n<h3><strong>2007-2008<\/strong><\/h3>\n<p><a title=\"f\u00e9vrier 2008 : au Nouv\u00f4 Cosmos\" href=\"https:\/\/ajtduvocal.com\/dev\/?p=238\">f\u00e9vrier 2008 : au Nouv\u00f4 Cosmos<\/a><\/p>\n<h3><strong>2006-2007<\/strong><\/h3>\n<p><a title=\"juin 2007 : festival les Voix sur berges, \u00e0 Paris\" href=\"https:\/\/ajtduvocal.com\/dev\/?p=240\">juin 2007 : festival les Voix sur berges, \u00e0 Paris<\/a><br \/><a href=\":%20https:\/\/ajtduvocal.com\/dev\/?p=461\">d\u00e9cembre 2006 : \u00e0 la Tour Eiffel, \u00e0 Paris<\/a><br \/><a href=\"https:\/\/ajtduvocal.com\/dev\/?p=442\">novembre 2006 : au March\u00e9 de l&rsquo;Olive<\/a><\/p>\n<h3><strong>2005-2006<\/strong><\/h3>\n<p><a href=\"https:\/\/ajtduvocal.com\/dev\/?p=423\">juin 2006 : \u00e0 Bercy Village, \u00e0 Paris<\/a><br \/><a href=\"https:\/\/ajtduvocal.com\/dev\/?p=373\">mai 2006 : les Ateliers de Belleville, \u00e0 Paris<\/a><br \/>mars 2006 : Les 10 ans ! un concert inoubliable avec les Figuenotes !<\/p>\n<h3><strong>2004-2005<\/strong><\/h3>\n<p><a href=\"https:\/\/ajtduvocal.com\/dev\/?p=371\">juin 2005 : \u00e0 Bercy Village, \u00e0 Paris<\/a><br \/><a href=\"https:\/\/ajtduvocal.com\/dev\/?p=357\">octobre 2004 : Les Atelier de M\u00e9nilmontant, \u00e0 Paris<\/a><\/p>\n<h3><strong>2003-2004<\/strong><\/h3>\n<p><a href=\"https:\/\/ajtduvocal.com\/dev\/?p=601\">juin 2004 : festival Les Voix sur Berges, \u00e0 Paris<\/a><br \/><a title=\"mai 2004 : Les Ateliers de Belleville, \u00e0 Paris\" href=\"https:\/\/ajtduvocal.com\/dev\/?p=340\">mai 2004 : Les Ateliers de Belleville, \u00e0 Paris<\/a><\/p>\n<h3><strong>2002-2003<\/strong><\/h3>\n<p><a href=\"https:\/\/ajtduvocal.com\/dev\/?p=337\">mars 2003 : march\u00e9 Richard Lenoir, \u00e0 Paris<\/a><\/p>\n<h3><strong>1999-2000<\/strong><\/h3>\n<p>Week-end \u00e0 B\u00e9zu<\/p>\n<p><a title=\"Souvenirs, souvenirs\u2026\" href=\"https:\/\/ajtduvocal.com\/dev\/?page_id=19\">haut de page<\/a><\/p>\n<p><a title=\"Bienvenue sur le site des Agit\u00e9s !\" href=\"https:\/\/ajtduvocal.com\/dev\/\">page d&rsquo;accueil<\/a><\/p>\n\n\n<figure class=\"wp-block-gallery has-nested-images columns-default is-cropped wp-block-gallery-2 is-layout-flex wp-block-gallery-is-layout-flex\"><\/figure>\n\n\n\n<figure class=\"wp-block-gallery has-nested-images columns-default is-cropped wp-block-gallery-3 is-layout-flex wp-block-gallery-is-layout-flex\"><\/figure>\n\n\n\n<figure class=\"wp-block-gallery has-nested-images columns-default is-cropped wp-block-gallery-4 is-layout-flex wp-block-gallery-is-layout-flex\"><\/figure>\n\n\n\n<figure class=\"wp-block-gallery has-nested-images columns-default is-cropped wp-block-gallery-5 is-layout-flex wp-block-gallery-is-layout-flex\"><\/figure>\n\n\n\n<figure class=\"wp-block-gallery has-nested-images columns-default is-cropped wp-block-gallery-6 is-layout-flex wp-block-gallery-is-layout-flex\"><\/figure>\n\n\n\n\n\n\n","protected":false},"excerpt":{"rendered":"<p>Ici, les quelques traces laiss\u00e9es par les Agit\u00e9s, au fil des saisons musicales et amicales&#8230; 2025 janvier : March\u00e9 chantant \u00e0 Aligre avril : la d\u00e9calomanie des AJT du vocal 2024\u00a0 avril : le concert des AJ&rsquo;hits T au centre &hellip; <a href=\"https:\/\/ajtduvocal.com\/dev\/souvenirs-souvenirs\/\">Continuer la lecture <span class=\"meta-nav\">&rarr;<\/span><\/a><\/p>\n","protected":false},"author":1,"featured_media":0,"parent":0,"menu_order":0,"comment_status":"open","ping_status":"open","template":"","meta":{"footnotes":""},"class_list":["post-19","page","type-page","status-publish","hentry"],"_links":{"self":[{"href":"https:\/\/ajtduvocal.com\/dev\/wp-json\/wp\/v2\/pages\/19","targetHints":{"allow":["GET"]}}],"collection":[{"href":"https:\/\/ajtduvocal.com\/dev\/wp-json\/wp\/v2\/pages"}],"about":[{"href":"https:\/\/ajtduvocal.com\/dev\/wp-json\/wp\/v2\/types\/page"}],"author":[{"embeddable":true,"href":"https:\/\/ajtduvocal.com\/dev\/wp-json\/wp\/v2\/users\/1"}],"replies":[{"embeddable":true,"href":"https:\/\/ajtduvocal.com\/dev\/wp-json\/wp\/v2\/comments?post=19"}],"version-history":[{"count":57,"href":"https:\/\/ajtduvocal.com\/dev\/wp-json\/wp\/v2\/pages\/19\/revisions"}],"predecessor-version":[{"id":3613,"href":"https:\/\/ajtduvocal.com\/dev\/wp-json\/wp\/v2\/pages\/19\/revisions\/3613"}],"wp:attachment":[{"href":"https:\/\/ajtduvocal.com\/dev\/wp-json\/wp\/v2\/media?parent=19"}],"curies":[{"name":"wp","href":"https:\/\/api.w.org\/{rel}","templated":true}]}}