{"id":17,"date":"2014-11-01T09:01:14","date_gmt":"2014-11-01T08:01:14","guid":{"rendered":"http:\/\/ajtduvocal.com\/dev\/?page_id=17"},"modified":"2020-02-05T11:58:09","modified_gmt":"2020-02-05T10:58:09","slug":"notre-repertoire","status":"publish","type":"page","link":"https:\/\/ajtduvocal.com\/dev\/notre-repertoire\/","title":{"rendered":"Un r\u00e9pertoire \u00e9clectique et \u00e9nergique, bref agit\u00e9&#8230;"},"content":{"rendered":"<p>Fid\u00e8les \u00e0 leur postulat d\u2019origine o\u00f9 plaisir et convivialit\u00e9 sont les ma\u00eetres mots, le r\u00e9pertoire des Agit\u00e9s du Vocal privil\u00e9gie avant tout l\u2019harmonie, le plaisir de chanter et la diversit\u00e9.<\/p>\n<p>Ainsi plut\u00f4t que de parler d\u2019un r\u00e9pertoire sp\u00e9cifique il est beaucoup plus explicite de dire que les Agit\u00e9s du Vocal chantent une trentaine de chansons qui vont de chants du XVe si\u00e8cle au g\u00e9n\u00e9rique de Star Wars.<\/p>\n<p>La dur\u00e9e d\u2019un tour de chant des Agit\u00e9s du Vocal varie entre 20 minutes et une heure.<\/p>\n<p>Vous pourrez appr\u00e9cier de nombreux exemples de leur r\u00e9pertoire en parcourant <a title=\"Souvenirs, souvenirs\u2026\" href=\"https:\/\/ajtduvocal.com\/dev\/?page_id=19\">leurs archives<\/a>.<\/p>\n<p>Les Agit\u00e9s du Vocal se produisent r\u00e9guli\u00e8rement dans les rues de Paris, sur les march\u00e9s, \u00e0 l&rsquo;occasion de manifestations festives de quartier, mais \u00e9galement hors de la Capitale, voire \u00e0 l&rsquo;\u00e9tranger !!<\/p>\n<p>Par ailleurs les Agit\u00e9s du Vocal chantent tous les ans au festival de Choral Les Voix sur Berges, \u00e0 Paris.<\/p>\n<p>Les Agit\u00e9s sont s\u0153urs et fr\u00e8res de chant des <a href=\"http:\/\/www.figuenotes.com\/\">Figuenotes<\/a> de Montpellier.<\/p>\n<p><a title=\"Un r\u00e9pertoire \u00e9clectique et \u00e9nergique, bref agit\u00e9\u2026\" href=\"https:\/\/ajtduvocal.com\/dev\/?page_id=17\">haut de page<\/a><\/p>\n<p><a title=\"Bienvenue sur le site des Agit\u00e9s !\" href=\"https:\/\/ajtduvocal.com\/dev\/\">page d&rsquo;accueil<\/a><\/p>\n","protected":false},"excerpt":{"rendered":"<p>Fid\u00e8les \u00e0 leur postulat d\u2019origine o\u00f9 plaisir et convivialit\u00e9 sont les ma\u00eetres mots, le r\u00e9pertoire des Agit\u00e9s du Vocal privil\u00e9gie avant tout l\u2019harmonie, le plaisir de chanter et la diversit\u00e9. Ainsi plut\u00f4t que de parler d\u2019un r\u00e9pertoire sp\u00e9cifique il est &hellip; <a href=\"https:\/\/ajtduvocal.com\/dev\/notre-repertoire\/\">Continuer la lecture <span class=\"meta-nav\">&rarr;<\/span><\/a><\/p>\n","protected":false},"author":1,"featured_media":0,"parent":0,"menu_order":0,"comment_status":"open","ping_status":"open","template":"","meta":{"footnotes":""},"class_list":["post-17","page","type-page","status-publish","hentry"],"_links":{"self":[{"href":"https:\/\/ajtduvocal.com\/dev\/wp-json\/wp\/v2\/pages\/17","targetHints":{"allow":["GET"]}}],"collection":[{"href":"https:\/\/ajtduvocal.com\/dev\/wp-json\/wp\/v2\/pages"}],"about":[{"href":"https:\/\/ajtduvocal.com\/dev\/wp-json\/wp\/v2\/types\/page"}],"author":[{"embeddable":true,"href":"https:\/\/ajtduvocal.com\/dev\/wp-json\/wp\/v2\/users\/1"}],"replies":[{"embeddable":true,"href":"https:\/\/ajtduvocal.com\/dev\/wp-json\/wp\/v2\/comments?post=17"}],"version-history":[{"count":11,"href":"https:\/\/ajtduvocal.com\/dev\/wp-json\/wp\/v2\/pages\/17\/revisions"}],"predecessor-version":[{"id":2348,"href":"https:\/\/ajtduvocal.com\/dev\/wp-json\/wp\/v2\/pages\/17\/revisions\/2348"}],"wp:attachment":[{"href":"https:\/\/ajtduvocal.com\/dev\/wp-json\/wp\/v2\/media?parent=17"}],"curies":[{"name":"wp","href":"https:\/\/api.w.org\/{rel}","templated":true}]}}