{"id":15,"date":"2014-11-01T09:01:14","date_gmt":"2014-11-01T08:01:14","guid":{"rendered":"http:\/\/ajtduvocal.com\/dev\/?page_id=15"},"modified":"2024-11-27T18:12:13","modified_gmt":"2024-11-27T17:12:13","slug":"notre-histoire","status":"publish","type":"page","link":"https:\/\/ajtduvocal.com\/dev\/notre-histoire\/","title":{"rendered":"Bient\u00f4t 30 ans !!"},"content":{"rendered":"<p>C\u2019est par un dimanche ensoleill\u00e9 de mai 1996 que les Agit\u00e9s du Vocal ont vu le jour, sous l\u2019impulsion de ses fondateurs.<br \/>\nLe d\u00e9sir de tous \u00e9tait de promouvoir le chant choral par la convivialit\u00e9, en d\u2019autres termes de chanter ENSEMBLE (ce qui est toujours un plus dans un groupe vocal), pour le plaisir de chacun des membres du groupe et id\u00e9alement celui d\u2019autrui (ce qui est, \u00e0 n\u2019en pas douter une preuve de consid\u00e9ration pour le public).<\/p>\n<p>Fort de cet id\u00e9al et afin de formaliser ce qui n\u2019\u00e9tait alors qu\u2019un joyeux groupe d\u2019individus munis de cordes vocales bien tendues, une association fut cr\u00e9e en septembre 1996.<\/p>\n<p><a href=\"https:\/\/ajtduvocal.com\/dev\/wp-content\/uploads\/2014\/11\/ChoeurDebut.jpg\"><img loading=\"lazy\" decoding=\"async\" class=\"alignnone size-medium wp-image-333\" src=\"https:\/\/ajtduvocal.com\/dev\/wp-content\/uploads\/2014\/11\/ChoeurDebut-300x186.jpg\" alt=\"ChoeurDebut\" width=\"300\" height=\"186\" srcset=\"https:\/\/ajtduvocal.com\/dev\/wp-content\/uploads\/2014\/11\/ChoeurDebut-300x186.jpg 300w, https:\/\/ajtduvocal.com\/dev\/wp-content\/uploads\/2014\/11\/ChoeurDebut.jpg 577w\" sizes=\"auto, (max-width: 300px) 100vw, 300px\" \/><\/a><\/p>\n<p>D\u2019une dizaine de valeureux chanteurs \u00e0 l\u2019origine, la chorale n\u2019a depuis 1996 cess\u00e9 de s\u2019\u00e9toffer.<\/p>\n<p><span style=\"font-family: Verdana,Arial,Helvetica,sans-serif; font-size: medium;\">Voir aussi les <a href=\"http:\/\/ajtduvocal.com\/DepartMenu\/Kikone\/Teuf\/Les-10-ans\/Les-10-ans.html\">10 ans des AJT<\/a> en mars 2006. <\/span><\/p>\n<p>Nous sommes aujourd\u2019hui une chorale parisienne d\u2019une trentaine de membres, issus des horizons et des milieux les plus divers.<\/p>\n<p><a title=\"Bient\u00f4t 20 ans !!\" href=\"https:\/\/ajtduvocal.com\/dev\/?page_id=15\">haut de page<\/a><\/p>\n<p><a title=\"Bienvenue sur le site des Agit\u00e9s !\" href=\"https:\/\/ajtduvocal.com\/dev\/\">page d&rsquo;accueil<\/a><\/p>\n","protected":false},"excerpt":{"rendered":"<p>C\u2019est par un dimanche ensoleill\u00e9 de mai 1996 que les Agit\u00e9s du Vocal ont vu le jour, sous l\u2019impulsion de ses fondateurs. Le d\u00e9sir de tous \u00e9tait de promouvoir le chant choral par la convivialit\u00e9, en d\u2019autres termes de chanter &hellip; <a href=\"https:\/\/ajtduvocal.com\/dev\/notre-histoire\/\">Continuer la lecture <span class=\"meta-nav\">&rarr;<\/span><\/a><\/p>\n","protected":false},"author":1,"featured_media":0,"parent":0,"menu_order":0,"comment_status":"open","ping_status":"open","template":"","meta":{"footnotes":""},"class_list":["post-15","page","type-page","status-publish","hentry"],"_links":{"self":[{"href":"https:\/\/ajtduvocal.com\/dev\/wp-json\/wp\/v2\/pages\/15","targetHints":{"allow":["GET"]}}],"collection":[{"href":"https:\/\/ajtduvocal.com\/dev\/wp-json\/wp\/v2\/pages"}],"about":[{"href":"https:\/\/ajtduvocal.com\/dev\/wp-json\/wp\/v2\/types\/page"}],"author":[{"embeddable":true,"href":"https:\/\/ajtduvocal.com\/dev\/wp-json\/wp\/v2\/users\/1"}],"replies":[{"embeddable":true,"href":"https:\/\/ajtduvocal.com\/dev\/wp-json\/wp\/v2\/comments?post=15"}],"version-history":[{"count":6,"href":"https:\/\/ajtduvocal.com\/dev\/wp-json\/wp\/v2\/pages\/15\/revisions"}],"predecessor-version":[{"id":3499,"href":"https:\/\/ajtduvocal.com\/dev\/wp-json\/wp\/v2\/pages\/15\/revisions\/3499"}],"wp:attachment":[{"href":"https:\/\/ajtduvocal.com\/dev\/wp-json\/wp\/v2\/media?parent=15"}],"curies":[{"name":"wp","href":"https:\/\/api.w.org\/{rel}","templated":true}]}}