{"id":13,"date":"2015-09-01T09:01:14","date_gmt":"2015-09-01T08:01:14","guid":{"rendered":"http:\/\/ajtduvocal.com\/dev\/?page_id=13"},"modified":"2025-09-18T20:54:28","modified_gmt":"2025-09-18T19:54:28","slug":"notre-cheffe-de-choeur","status":"publish","type":"page","link":"https:\/\/ajtduvocal.com\/dev\/notre-cheffe-de-choeur\/","title":{"rendered":"Notre nouvelle cheffe de choeur : Lisa Flandi"},"content":{"rendered":"\n<p>Nous faisons notre rentr\u00e9e 2025 sous la direction de Lisa Flandi. <\/p>\n\n\n\n<p class=\"has-text-align-left\">Apr\u00e8s un cursus complet \u00e0 la Ma\u00eetrise de Radio France, Lisa se dirige vers le jazz et les musiques improvis\u00e9es en passant son DNSPM au P\u00f4le Sup\u201993. Ses diff\u00e9rentes affinit\u00e9s musicales l&rsquo;am\u00e8nent \u00e0 chanter, jouer et composer dans diverses esth\u00e9tiques passant du jazz, au classique, aux musiques actuelles ou encore au maloya. Elle joue dans diverses formations et enregistre pour les d\u00e9mos chant \u00e0 vis\u00e9e p\u00e9dagogique des plateformes Vox de Radio France et Eve de la Philharmonie de Paris en partenariat avec l\u2019Education Nationale.&nbsp;<\/p>\n\n\n\n<p class=\"has-text-align-left\">Elle s\u2019\u00e9panouit particuli\u00e8rement dans les projets de cr\u00e9ation men\u00e9s collectivement comme dans la com\u00e9die musicale&nbsp;<em>Les 4 Filles du Docteur Charm<\/em>&nbsp;et un conte musical pour jeune public&nbsp;<em>Les Aventures des Gnomes, Les pierres d\u2019\u00c9toiles.&nbsp;<\/em>Elle est actuellement dans le groupe Effusion Cosmique qui pr\u00e9sentera prochainement sa cr\u00e9ation musicale th\u00e9\u00e2tralis\u00e9e&nbsp;<em>Les Poussettes Atomiques<\/em>.<\/p>\n\n\n\n<p class=\"has-text-align-left\">En parall\u00e8le \u00e0 sa carri\u00e8re d\u2019artiste, elle voue une intention particuli\u00e8re \u00e0 la p\u00e9dagogie. Anciennement professeure de chant musiques actuelles en conservatoire, cheffe de choeur d\u2019entreprise et de Seksion Maloya, elle assiste Laurence Saltiel au Stage Darc de Ch\u00e2teauroux depuis 2022. Elle prend \u00e9galement la direction des Agit\u00e9s du Vocal \u00e0 partir de septembre 2025.<\/p>\n\n\n\n<figure class=\"wp-block-image size-large is-resized\"><a href=\"https:\/\/ajtduvocal.com\/dev\/wp-content\/uploads\/2025\/09\/thumbnail_Photo-Lisa-Flandi.jpg\"><img loading=\"lazy\" decoding=\"async\" width=\"1024\" height=\"793\" src=\"https:\/\/ajtduvocal.com\/dev\/wp-content\/uploads\/2025\/09\/thumbnail_Photo-Lisa-Flandi-1024x793.jpg\" alt=\"\" class=\"wp-image-3730\" style=\"width:431px;height:auto\" srcset=\"https:\/\/ajtduvocal.com\/dev\/wp-content\/uploads\/2025\/09\/thumbnail_Photo-Lisa-Flandi-1024x793.jpg 1024w, https:\/\/ajtduvocal.com\/dev\/wp-content\/uploads\/2025\/09\/thumbnail_Photo-Lisa-Flandi-300x232.jpg 300w, https:\/\/ajtduvocal.com\/dev\/wp-content\/uploads\/2025\/09\/thumbnail_Photo-Lisa-Flandi-768x594.jpg 768w, https:\/\/ajtduvocal.com\/dev\/wp-content\/uploads\/2025\/09\/thumbnail_Photo-Lisa-Flandi-1536x1189.jpg 1536w, https:\/\/ajtduvocal.com\/dev\/wp-content\/uploads\/2025\/09\/thumbnail_Photo-Lisa-Flandi.jpg 1920w\" sizes=\"auto, (max-width: 1024px) 100vw, 1024px\" \/><\/a><\/figure>\n\n\n<p>&nbsp;<\/p>\n<p>&nbsp;<\/p>\n<p>Nos pr\u00e9c\u00e9dents chefs de ch\u0153ur sont :<\/p>\n<p><strong>Marjolaine Ott (jusqu&rsquo;en juin 2025)<\/strong><\/p>\n<p>Musicienne, fl\u00fbtiste, compositeur, interpr\u00e8te, joueuse de sons.<\/p>\n<p>N\u00e9e d&rsquo;une famille d&rsquo;artistes et m\u00e9lomanes, Marjolaine commence \u00e0 \u00e9tudier la fl\u00fbte traversi\u00e8re d\u00e8s son plus jeune \u00e2ge et poursuit sa formation musicale tout au long de sa scolarit\u00e9.<br \/>Apr\u00e8s le bac, elle explore et pratique les arts graphiques \u00e0 l\u2019\u00c9cole nationale des m\u00e9tiers d\u2019arts pour finalement\u00a0retourner \u00e0 ses premi\u00e8res amours, la musique et la fl\u00fbte, et\u00a0se consacrer aux \u00e9tudes musicales en vue d&rsquo;une carri\u00e8re professionnelle.<\/p>\n<p>Dot\u00e9e d&rsquo;une insatiable curiosit\u00e9, elle multiplie rapidement les exp\u00e9riences professionnelles, qu&rsquo;elles soient classiques, traditionnelles, contemporaines ou p\u00e9dagogiques.<\/p>\n<p><strong><a href=\"https:\/\/ajtduvocal.com\/dev\/wp-content\/uploads\/2014\/11\/Marjo-Ott.jpg\"><img loading=\"lazy\" decoding=\"async\" class=\" wp-image-1709 alignleft\" src=\"https:\/\/ajtduvocal.com\/dev\/wp-content\/uploads\/2014\/11\/Marjo-Ott-281x300.jpg\" alt=\"Marjo Ott\" width=\"184\" height=\"197\" srcset=\"https:\/\/ajtduvocal.com\/dev\/wp-content\/uploads\/2014\/11\/Marjo-Ott-281x300.jpg 281w, https:\/\/ajtduvocal.com\/dev\/wp-content\/uploads\/2014\/11\/Marjo-Ott-959x1024.jpg 959w\" sizes=\"auto, (max-width: 184px) 100vw, 184px\" \/><\/a><\/strong><\/p>\n<p><strong>Fl\u00fbtiste<\/strong> : dans diverses formations de Fanfare (Eddy Louis, Domino7), musiques traditionnelles (Jefira), musiques latines (Rumbanana, Churros).<\/p>\n<p><strong>Musicienne<\/strong> : Elle a enregistr\u00e9 pour le th\u00e9\u00e2tre, le cin\u00e9ma, et la t\u00e9l\u00e9vision (Th\u00e9\u00e2tre du Soleil, A. Despleschin, Boulevard du Palais).<br \/>Elle a particip\u00e9 aux CD :<br \/>&#8211; \u00ab<em> Rencontres<\/em> \u00bb du groupe Jefira (Buda Musique) \u00ab <em>Contovello \u00bb et \u00ab Attamanni<\/em> \u00bb (Art\u00e9ka)<br \/>&#8211; \u00ab <em>Saska Circus<\/em> \u00bb (Enfance et musique)<br \/>&#8211; \u00ab <em>Toudou<\/em> \u00bb Isabelle Caillard (Enfance et musique)<\/p>\n<p><strong>Compositrice-Interpr\u00e8te-Conteuse<\/strong> : Marjolaine s&rsquo;est engag\u00e9e dans les tourn\u00e9e du Th\u00e9\u00e2tre de l\u2019Ombrelle avec \u00ab <em>le Prince Tigre<\/em> \u00bb (Musicienne, Conteuse) et \u00ab <em>Lian et le Lotus<\/em> \u00bb (Compositrice, Musicienne et Conteuse).<\/p>\n<p><strong>P\u00e9dagogue &#8211; Cheffe de ch\u0153ur<\/strong> : Elle a dirig\u00e9 plusieurs chorales, d\u2019enfants ou d\u2019adultes,\u00a0des ateliers d&rsquo;\u00e9veil musical dans les cr\u00e8ches et \u00e9coles maternelles, des ateliers de formation des personnels enseignants, ou encore des ateliers chorale en relation aux \u00e9quipes soignantes, pour jeunes adultes handicap\u00e9s ou autistes, \u00e0 Paris.<\/p>\n<p><strong>Auteure-compositrice<\/strong> : forte de ces multiples parcours, Marjolaine a cr\u00e9\u00e9 en 2015 son propre spectacle en direction du jeune public, alliant sa passion de la musique et ses connaissances du jeune public : <em>Eh Oh<\/em> cr\u00e9ation th\u00e9\u00e2tre.<\/p>\n<p>&#8212;&#8212;&#8212;&#8212;&#8212;&#8212;&#8212;&#8212;&#8212;&#8212;&#8212;&#8212;&#8212;&#8212;&#8212;&#8212;&#8212;&#8212;&#8212;&#8212;&#8212;&#8212;&#8212;&#8212;&#8212;&#8212;&#8212;&#8212;&#8212;&#8212;&#8212;&#8212;&#8212;&#8212;-<\/p>\n<p><a href=\"https:\/\/ajtduvocal.com\/dev\/?p=1702\">Denis Lamoul\u00e8re<\/a><\/p>\n<p>Ke\u00efko<\/p>\n<p>C\u00e9line<\/p>\n<p>Tristan<\/p>\n<p>&nbsp;<\/p>\n<p>&nbsp;<\/p>","protected":false},"excerpt":{"rendered":"<p>Nous faisons notre rentr\u00e9e 2025 sous la direction de Lisa Flandi. Apr\u00e8s un cursus complet \u00e0 la Ma\u00eetrise de Radio France, Lisa se dirige vers le jazz et les musiques improvis\u00e9es en passant son DNSPM au P\u00f4le Sup\u201993. Ses diff\u00e9rentes &hellip; <a href=\"https:\/\/ajtduvocal.com\/dev\/notre-cheffe-de-choeur\/\">Continuer la lecture <span class=\"meta-nav\">&rarr;<\/span><\/a><\/p>\n","protected":false},"author":1,"featured_media":0,"parent":0,"menu_order":0,"comment_status":"open","ping_status":"closed","template":"","meta":{"footnotes":""},"class_list":["post-13","page","type-page","status-publish","hentry"],"_links":{"self":[{"href":"https:\/\/ajtduvocal.com\/dev\/wp-json\/wp\/v2\/pages\/13","targetHints":{"allow":["GET"]}}],"collection":[{"href":"https:\/\/ajtduvocal.com\/dev\/wp-json\/wp\/v2\/pages"}],"about":[{"href":"https:\/\/ajtduvocal.com\/dev\/wp-json\/wp\/v2\/types\/page"}],"author":[{"embeddable":true,"href":"https:\/\/ajtduvocal.com\/dev\/wp-json\/wp\/v2\/users\/1"}],"replies":[{"embeddable":true,"href":"https:\/\/ajtduvocal.com\/dev\/wp-json\/wp\/v2\/comments?post=13"}],"version-history":[{"count":13,"href":"https:\/\/ajtduvocal.com\/dev\/wp-json\/wp\/v2\/pages\/13\/revisions"}],"predecessor-version":[{"id":3749,"href":"https:\/\/ajtduvocal.com\/dev\/wp-json\/wp\/v2\/pages\/13\/revisions\/3749"}],"wp:attachment":[{"href":"https:\/\/ajtduvocal.com\/dev\/wp-json\/wp\/v2\/media?parent=13"}],"curies":[{"name":"wp","href":"https:\/\/api.w.org\/{rel}","templated":true}]}}