{"id":11,"date":"2014-11-01T09:01:13","date_gmt":"2014-11-01T08:01:13","guid":{"rendered":"http:\/\/ajtduvocal.com\/dev\/?page_id=11"},"modified":"2024-09-11T06:57:08","modified_gmt":"2024-09-11T05:57:08","slug":"les-agites-recrutent-dans-tous-les-pupitres","status":"publish","type":"page","link":"https:\/\/ajtduvocal.com\/dev\/les-agites-recrutent-dans-tous-les-pupitres\/","title":{"rendered":"Les Agit\u00e9s recrutent !"},"content":{"rendered":"<p>Si vous \u00eates d\u00e9sireux de partager un r\u00e9pertoire atypique et qui pique, n&rsquo;h\u00e9sitez pas \u00e0 nous contacter en juin pour peut-\u00eatre nous rejoindre l&rsquo;ann\u00e9e prochaine&#8230;<\/p>\n<p>En g\u00e9n\u00e9ral, nous recherchons toujours des voix de t\u00e9nor et de basse !<\/p>\n<p>Avec quelques places en voix de soprani et d&rsquo;alti chaque rentr\u00e9e de septembre.<\/p>\n<p>N&rsquo;h\u00e9sitez pas \u00e0 vous renseigner et \u00e0 postuler !<\/p>\n<p><strong>Pour nous contacter, une seule adresse : <\/strong><a href=\"mailto:contact@ajtduvocal.com\">contact@ajtduvocal.com<\/a><\/p>\n","protected":false},"excerpt":{"rendered":"<p>Si vous \u00eates d\u00e9sireux de partager un r\u00e9pertoire atypique et qui pique, n&rsquo;h\u00e9sitez pas \u00e0 nous contacter en juin pour peut-\u00eatre nous rejoindre l&rsquo;ann\u00e9e prochaine&#8230; En g\u00e9n\u00e9ral, nous recherchons toujours des voix de t\u00e9nor et de basse ! Avec quelques &hellip; <a href=\"https:\/\/ajtduvocal.com\/dev\/les-agites-recrutent-dans-tous-les-pupitres\/\">Continuer la lecture <span class=\"meta-nav\">&rarr;<\/span><\/a><\/p>\n","protected":false},"author":1,"featured_media":0,"parent":0,"menu_order":0,"comment_status":"open","ping_status":"open","template":"","meta":{"footnotes":""},"class_list":["post-11","page","type-page","status-publish","hentry"],"_links":{"self":[{"href":"https:\/\/ajtduvocal.com\/dev\/wp-json\/wp\/v2\/pages\/11","targetHints":{"allow":["GET"]}}],"collection":[{"href":"https:\/\/ajtduvocal.com\/dev\/wp-json\/wp\/v2\/pages"}],"about":[{"href":"https:\/\/ajtduvocal.com\/dev\/wp-json\/wp\/v2\/types\/page"}],"author":[{"embeddable":true,"href":"https:\/\/ajtduvocal.com\/dev\/wp-json\/wp\/v2\/users\/1"}],"replies":[{"embeddable":true,"href":"https:\/\/ajtduvocal.com\/dev\/wp-json\/wp\/v2\/comments?post=11"}],"version-history":[{"count":14,"href":"https:\/\/ajtduvocal.com\/dev\/wp-json\/wp\/v2\/pages\/11\/revisions"}],"predecessor-version":[{"id":3383,"href":"https:\/\/ajtduvocal.com\/dev\/wp-json\/wp\/v2\/pages\/11\/revisions\/3383"}],"wp:attachment":[{"href":"https:\/\/ajtduvocal.com\/dev\/wp-json\/wp\/v2\/media?parent=11"}],"curies":[{"name":"wp","href":"https:\/\/api.w.org\/{rel}","templated":true}]}}